{"id":2313,"date":"2022-01-30T17:37:09","date_gmt":"2022-01-30T16:37:09","guid":{"rendered":"https:\/\/grski-zakladi.si\/izdelek\/jabon-natural-lavanda\/"},"modified":"2024-03-02T19:21:30","modified_gmt":"2024-03-02T19:21:30","slug":"jabon-natural-lavanda","status":"publish","type":"product","link":"https:\/\/grski-zakladi.si\/es\/producto\/jabon-natural-lavanda\/","title":{"rendered":"Jab\u00f3n natural &#8211; Lavanda"},"content":{"rendered":"<p>El jab\u00f3n s\u00f3lido natural con aroma a lavanda es apto para todo el cuerpo y el rostro. Limpia, hidrata y deja la piel tersa y suave.<\/p>\n<p><span style=\"font-size: 80%;\"><br \/>\n<em>INGREDIENTES: sodium olivate, aqua, sodium chroride, parfum, linalool, geraniol, coumarin, citric acid.<\/em><\/span><\/p>\n","protected":false},"excerpt":{"rendered":"<p>Jab\u00f3n s\u00f3lido natural con extracto de aceite de oliva ecol\u00f3gico y lavanda.<\/p>\n","protected":false},"featured_media":2215,"comment_status":"open","ping_status":"closed","template":"","meta":[],"product_brand":[],"product_cat":[75,74],"product_tag":[76],"class_list":{"0":"post-2313","1":"product","2":"type-product","3":"status-publish","4":"has-post-thumbnail","6":"product_cat-jabones-solidos","7":"product_cat-otros","8":"product_tag-athenas-treasures-es","10":"first","11":"instock","12":"shipping-taxable","13":"purchasable","14":"product-type-simple"},"_links":{"self":[{"href":"https:\/\/grski-zakladi.si\/es\/wp-json\/wp\/v2\/product\/2313","targetHints":{"allow":["GET"]}}],"collection":[{"href":"https:\/\/grski-zakladi.si\/es\/wp-json\/wp\/v2\/product"}],"about":[{"href":"https:\/\/grski-zakladi.si\/es\/wp-json\/wp\/v2\/types\/product"}],"replies":[{"embeddable":true,"href":"https:\/\/grski-zakladi.si\/es\/wp-json\/wp\/v2\/comments?post=2313"}],"wp:featuredmedia":[{"embeddable":true,"href":"https:\/\/grski-zakladi.si\/es\/wp-json\/wp\/v2\/media\/2215"}],"wp:attachment":[{"href":"https:\/\/grski-zakladi.si\/es\/wp-json\/wp\/v2\/media?parent=2313"}],"wp:term":[{"taxonomy":"product_brand","embeddable":true,"href":"https:\/\/grski-zakladi.si\/es\/wp-json\/wp\/v2\/product_brand?post=2313"},{"taxonomy":"product_cat","embeddable":true,"href":"https:\/\/grski-zakladi.si\/es\/wp-json\/wp\/v2\/product_cat?post=2313"},{"taxonomy":"product_tag","embeddable":true,"href":"https:\/\/grski-zakladi.si\/es\/wp-json\/wp\/v2\/product_tag?post=2313"}],"curies":[{"name":"wp","href":"https:\/\/api.w.org\/{rel}","templated":true}]}}