{"id":2312,"date":"2022-01-30T17:53:04","date_gmt":"2022-01-30T16:53:04","guid":{"rendered":"https:\/\/grski-zakladi.si\/izdelek\/crema-de-manos-con-leche-de-burra\/"},"modified":"2024-02-24T10:06:55","modified_gmt":"2024-02-24T10:06:55","slug":"crema-de-manos-con-leche-de-burra","status":"publish","type":"product","link":"https:\/\/grski-zakladi.si\/es\/producto\/crema-de-manos-con-leche-de-burra\/","title":{"rendered":"Crema de manos con leche de burra"},"content":{"rendered":"<p>La leche de burra se considera un elixir para el cuidado y la belleza de la piel desde la antig\u00fcedad. Contiene prote\u00ednas y amino\u00e1cidos que retienen la humedad en la piel y refuerzan la funci\u00f3n del col\u00e1geno y la elastina. Junto con aceite de oliva ecol\u00f3gico, fitoesteroles, urea hidratante y aceite de almendras ecol\u00f3gico, protege y nutre intensamente la piel agrietada, dejando las manos suaves como la seda. F\u00f3rmula no grasa. Se absorbe inmediatamente.<\/p>\n<p><span style=\"font-size: 80%;\"><br \/>\n<em>INGREDIENTES: aqua, octyl palmitate, cetearyl alcohol, donkey milk, glyceryl stearate &amp; polyglyceryl-6 palmitate\/succinate, glycerin, urea, caprylic\/capric triglyceride, isopropyl isostearate, stearic acid, potassium olivoyl hydrolyzed wheat protein &amp; glyceryl oleate phenoxyethanol &amp; ethylhexylglycerin, persea gratissima (avocado) oil &amp; phytosterols, prunus dulcis (almond) oil**, olea europaea (olive) fruit oil**, butyrospermum parkii (shea) butter, allantoin, tocopheryl acetate, sodium lactate, parfum, hectorite &amp; hydroxyethylcellulose, xanthan gum, lactic acid, disodium EDTA, BHT, benzyl salicylate, cinnamal.<\/em><br \/>\n<\/span><span style=\"font-size: 80%;\"><br \/>\n<em>** ingredientes cultivados ecol\u00f3gicamente<\/em><br \/>\n<\/span><\/p>\n","protected":false},"excerpt":{"rendered":"<p>Crema de manos nutritiva para piel agrietada. Con leche de burra 100% griega tratada criog\u00e9nicamente*, aceite de oliva ecol\u00f3gico, aceite de almendras ecol\u00f3gico y fitoesteroles.<\/p>\n<p>* Tratamiento especial para preservar las cualidades y caracter\u00edsticas \u00fanicas de la leche.<\/p>\n<p>Tama\u00f1o: 100 ml<\/p>\n","protected":false},"featured_media":2222,"comment_status":"open","ping_status":"closed","template":"","meta":[],"product_brand":[],"product_cat":[70,73],"product_tag":[66],"class_list":{"0":"post-2312","1":"product","2":"type-product","3":"status-publish","4":"has-post-thumbnail","6":"product_cat-cuerpo","7":"product_cat-cuidado-de-manos","8":"product_tag-donkey-milk-treasures-es","10":"first","11":"instock","12":"shipping-taxable","13":"purchasable","14":"product-type-simple"},"_links":{"self":[{"href":"https:\/\/grski-zakladi.si\/es\/wp-json\/wp\/v2\/product\/2312","targetHints":{"allow":["GET"]}}],"collection":[{"href":"https:\/\/grski-zakladi.si\/es\/wp-json\/wp\/v2\/product"}],"about":[{"href":"https:\/\/grski-zakladi.si\/es\/wp-json\/wp\/v2\/types\/product"}],"replies":[{"embeddable":true,"href":"https:\/\/grski-zakladi.si\/es\/wp-json\/wp\/v2\/comments?post=2312"}],"wp:featuredmedia":[{"embeddable":true,"href":"https:\/\/grski-zakladi.si\/es\/wp-json\/wp\/v2\/media\/2222"}],"wp:attachment":[{"href":"https:\/\/grski-zakladi.si\/es\/wp-json\/wp\/v2\/media?parent=2312"}],"wp:term":[{"taxonomy":"product_brand","embeddable":true,"href":"https:\/\/grski-zakladi.si\/es\/wp-json\/wp\/v2\/product_brand?post=2312"},{"taxonomy":"product_cat","embeddable":true,"href":"https:\/\/grski-zakladi.si\/es\/wp-json\/wp\/v2\/product_cat?post=2312"},{"taxonomy":"product_tag","embeddable":true,"href":"https:\/\/grski-zakladi.si\/es\/wp-json\/wp\/v2\/product_tag?post=2312"}],"curies":[{"name":"wp","href":"https:\/\/api.w.org\/{rel}","templated":true}]}}