{"id":2311,"date":"2022-09-03T14:36:15","date_gmt":"2022-09-03T12:36:15","guid":{"rendered":"https:\/\/grski-zakladi.si\/izdelek\/gel-exfoliante-facial-2en1\/"},"modified":"2026-01-19T12:08:48","modified_gmt":"2026-01-19T11:08:48","slug":"gel-exfoliante-facial-2en1","status":"publish","type":"product","link":"https:\/\/grski-zakladi.si\/es\/producto\/gel-exfoliante-facial-2en1\/","title":{"rendered":"Gel Exfoliante Facial 2en1"},"content":{"rendered":"<p>Su innovadora f\u00f3rmula con ingredientes limpiadores suaves y gr\u00e1nulos de oliva ultrafinos limpia la piel en profundidad sin resecarla, al tiempo que elimina las c\u00e9lulas muertas superficiales. Mejora el aspecto de la piel del rostro, dej\u00e1ndola m\u00e1s tersa, firme y fresca.<\/p>\n<p>USO: Aplicar una peque\u00f1a cantidad de gel sobre el rostro h\u00famedo y masajear suavemente la piel con movimientos circulares hasta obtener espuma. A continuaci\u00f3n, aclarar abundantemente con agua. Utilizar de dos a tres veces por semana, seg\u00fan el tipo de piel. Despu\u00e9s de la exfoliaci\u00f3n, no olvides hidratar el rostro.<\/p>\n<p><span style=\"font-size: 80%;\"><br \/>\n<em>INGREDIENTES: aqua, aloe barbadensis leaf juice*, acrylates copolymer, sodium lauroyl sarcosinate, cocamidopropylamine oxide, olea europaea (olive) seed powder, PEG-4 rapeseedamide, propanediol, glycerin, camellia sinensis (green tea) leaf extract, malus domestica fruit cell culture extract, xanthan gum, lecithin, sodium hyaluronate, melaleuca alternifolia (tea tree) leaf oil, allantoin, polysorbate 20, retinyl palmitate, tocopherol acetate, linolenic acid, parfum, lactic acid, phenoxyethanol, ethylhexylglycerin, triethylene glycol, benzyl alcohol, methylisothiazolinone, methylchloroisothiazolinone, triethanolamine, disodium EDTA, hexylcinnamaldehyde, linalool may contain: CI. 42051, CI. 47005.<\/em><br \/>\n<\/span><span style=\"font-size: 80%;\"><br \/>\n<em>* ingredientes cultivados ecol\u00f3gicamente<\/em><br \/>\n<\/span><\/p>\n","protected":false},"excerpt":{"rendered":"<p>Gel exfoliante facial suave 2en1. Con aloe vera 100% ecol\u00f3gico, c\u00e9lulas madre vegetales regeneradoras, \u00e1cido hialur\u00f3nico, vitaminas A, E, F y aceite de \u00e1rbol de t\u00e9 antibacteriano natural.<\/p>\n<p>Tama\u00f1o: 125 ml<\/p>\n","protected":false},"featured_media":2246,"comment_status":"open","ping_status":"closed","template":"","meta":[],"product_brand":[],"product_cat":[67],"product_tag":[69,124],"class_list":{"0":"post-2311","1":"product","2":"type-product","3":"status-publish","4":"has-post-thumbnail","6":"product_cat-rostro","7":"product_tag-aloe-treasures-es","8":"product_tag-los-mas-vendidos","10":"first","11":"instock","12":"shipping-taxable","13":"purchasable","14":"product-type-simple"},"_links":{"self":[{"href":"https:\/\/grski-zakladi.si\/es\/wp-json\/wp\/v2\/product\/2311","targetHints":{"allow":["GET"]}}],"collection":[{"href":"https:\/\/grski-zakladi.si\/es\/wp-json\/wp\/v2\/product"}],"about":[{"href":"https:\/\/grski-zakladi.si\/es\/wp-json\/wp\/v2\/types\/product"}],"replies":[{"embeddable":true,"href":"https:\/\/grski-zakladi.si\/es\/wp-json\/wp\/v2\/comments?post=2311"}],"wp:featuredmedia":[{"embeddable":true,"href":"https:\/\/grski-zakladi.si\/es\/wp-json\/wp\/v2\/media\/2246"}],"wp:attachment":[{"href":"https:\/\/grski-zakladi.si\/es\/wp-json\/wp\/v2\/media?parent=2311"}],"wp:term":[{"taxonomy":"product_brand","embeddable":true,"href":"https:\/\/grski-zakladi.si\/es\/wp-json\/wp\/v2\/product_brand?post=2311"},{"taxonomy":"product_cat","embeddable":true,"href":"https:\/\/grski-zakladi.si\/es\/wp-json\/wp\/v2\/product_cat?post=2311"},{"taxonomy":"product_tag","embeddable":true,"href":"https:\/\/grski-zakladi.si\/es\/wp-json\/wp\/v2\/product_tag?post=2311"}],"curies":[{"name":"wp","href":"https:\/\/api.w.org\/{rel}","templated":true}]}}