{"id":2309,"date":"2022-09-08T09:20:54","date_gmt":"2022-09-08T07:20:54","guid":{"rendered":"https:\/\/grski-zakladi.si\/izdelek\/crema-para-pies-con-cera-de-abejas-y-aha\/"},"modified":"2026-01-19T12:08:52","modified_gmt":"2026-01-19T11:08:52","slug":"crema-para-pies-con-cera-de-abejas-y-aha","status":"publish","type":"product","link":"https:\/\/grski-zakladi.si\/es\/producto\/crema-para-pies-con-cera-de-abejas-y-aha\/","title":{"rendered":"Crema para pies con cera de abejas y AHA"},"content":{"rendered":"<p>La crema para pies est\u00e1 enriquecida con vitaminas A y E, \u00e1cidos frutales, aceite de \u00e1rbol de t\u00e9 y manteca de karit\u00e9. Gracias a los \u00e1cidos AHA, elimina las c\u00e9lulas muertas de la piel de los talones agrietados y los suaviza. Calma e hidrata los pies cansados.<\/p>\n<p><span style=\"font-size: 80%;\"><br \/>\n<em>INGREDIENTES: aqua, aloe barbadensis leaf juice*, glycerin, octyl palmitate, urea, glyceryl stearate, PEG-100 stearate, stearic acid, cetyl alcohol, cetearyl alcohol, dicetyl phosphate, ceteth-10 phosphate, <\/em><\/span><em style=\"font-size: 80%;\">cyclopentasiloxane, butyrospermum parkii (shea) butter, phenoxyethanol, ethylhelylglycerin, lactic acid, dimethicone, zinc oxide, olea europaea (olive) fruit oil*, cera alba (beeswax), glycolic acid, salicylic acid, melaleuca alternifolia (tea tree) oil, panthenol, menthyl lactate, PPG-26 buteth-26 , PEG-40 hydrogenated castor oil, biosaccharide gum-1, tocopheryl acetate, retinyl palmitate, allantoin, magnesium aluminum silicate, parfum, triclosan, sodium hydroxide, disodium EDTA, butyl hydroxy toluene, amyl cinnamal, hexylcinnamal,<\/em><em style=\"font-size: 80%;\"> linalool.<\/em><\/p>\n<p><span style=\"font-size: 80%;\"><br \/>\n<em>* ingredientes cultivados ecol\u00f3gicamente<\/em><br \/>\n<\/span><\/p>\n","protected":false},"excerpt":{"rendered":"<p>Crema hidratante para pies con extracto de aloe vera ecol\u00f3gico y cera de abejas.<\/p>\n<p>Tama\u00f1o: 100 ml<\/p>\n","protected":false},"featured_media":2248,"comment_status":"open","ping_status":"closed","template":"","meta":[],"product_brand":[],"product_cat":[70,71],"product_tag":[69],"class_list":{"0":"post-2309","1":"product","2":"type-product","3":"status-publish","4":"has-post-thumbnail","6":"product_cat-cuerpo","7":"product_cat-cuidado-de-pies","8":"product_tag-aloe-treasures-es","10":"first","11":"instock","12":"shipping-taxable","13":"purchasable","14":"product-type-simple"},"_links":{"self":[{"href":"https:\/\/grski-zakladi.si\/es\/wp-json\/wp\/v2\/product\/2309","targetHints":{"allow":["GET"]}}],"collection":[{"href":"https:\/\/grski-zakladi.si\/es\/wp-json\/wp\/v2\/product"}],"about":[{"href":"https:\/\/grski-zakladi.si\/es\/wp-json\/wp\/v2\/types\/product"}],"replies":[{"embeddable":true,"href":"https:\/\/grski-zakladi.si\/es\/wp-json\/wp\/v2\/comments?post=2309"}],"wp:featuredmedia":[{"embeddable":true,"href":"https:\/\/grski-zakladi.si\/es\/wp-json\/wp\/v2\/media\/2248"}],"wp:attachment":[{"href":"https:\/\/grski-zakladi.si\/es\/wp-json\/wp\/v2\/media?parent=2309"}],"wp:term":[{"taxonomy":"product_brand","embeddable":true,"href":"https:\/\/grski-zakladi.si\/es\/wp-json\/wp\/v2\/product_brand?post=2309"},{"taxonomy":"product_cat","embeddable":true,"href":"https:\/\/grski-zakladi.si\/es\/wp-json\/wp\/v2\/product_cat?post=2309"},{"taxonomy":"product_tag","embeddable":true,"href":"https:\/\/grski-zakladi.si\/es\/wp-json\/wp\/v2\/product_tag?post=2309"}],"curies":[{"name":"wp","href":"https:\/\/api.w.org\/{rel}","templated":true}]}}