{"id":2307,"date":"2022-09-08T14:47:02","date_gmt":"2022-09-08T12:47:02","guid":{"rendered":"https:\/\/grski-zakladi.si\/izdelek\/champu-para-el-pelo-botox-treatment\/"},"modified":"2025-01-19T13:16:16","modified_gmt":"2025-01-19T13:16:16","slug":"champu-para-el-pelo-botox-treatment","status":"publish","type":"product","link":"https:\/\/grski-zakladi.si\/es\/producto\/champu-para-el-pelo-botox-treatment\/","title":{"rendered":"Champ\u00fa Botox Treatment"},"content":{"rendered":"<p>El champ\u00fa restaura el cabello d\u00e9bil y da\u00f1ado y lo deja brillante, sano y f\u00e1cil de peinar.<\/p>\n<p>*Tratamiento Botox es un tratamiento de hidrataci\u00f3n profunda que restaura la estructura capilar da\u00f1ada. El resultado es un cabello sano, brillante y suave.<br \/>\n**Para un mejor efecto del tratamiento, recomendamos utilizar tambi\u00e9n <a href=\"https:\/\/grski-zakladi.si\/es\/izdelek\/mascarilla-para-el-pelo-botox-treatment\/\">la Mascarilla Botox Treatment<\/a> y <a href=\"https:\/\/grski-zakladi.si\/es\/izdelek\/tratamiento-botox-serum-capilar\/\">el Serum Botox Treatment<\/a>.<\/p>\n<p><span style=\"font-size: 80%;\"><br \/>\n<em>INGREDIENTES: aqua, sodium lauroyl sarcosinate, disodium cocoamphodiacetate, cocamidopropyl betaine, PEG-4 rapeseedamide, propanediol, acrylates copolymer, hydrolyzed keratin, soluble collagen, hydrolyzed silk, styrene acrylates copolymer, PEG-120 methyl glucose diolate, argan oil glycereth-8 esters, parfum, panthenol, olea europaea (olive) fruit oil*, sodium hyaluronate, sodium chloride, polysorbate 20, retinyl palmitate, tocopherol acetate, linolenic acid, guar hydroxypropyl trimonium chloride, benzyl alcohol, methylisothiazolinone, methylchloroisothiazolinone, sodium phytate, donkey milk, argania spinosa kernel oil*, citric acid, amyl cinnamal, coumarin, geraniol, citronellol, linalool (*) <\/em><br \/>\n<\/span><span style=\"font-size: 80%;\"><br \/>\n<em>* ingredientes cultivados ecol\u00f3gicamente<\/em><br \/>\n<\/span><\/p>\n","protected":false},"excerpt":{"rendered":"<p>Champ\u00fa Botox Treatment con leche de burra 100% griega, \u00e1cido hialur\u00f3nico, col\u00e1geno, queratina y aceites ecol\u00f3gicos de oliva y arg\u00e1n.<\/p>\n<p>Tama\u00f1o: 250 ml<\/p>\n","protected":false},"featured_media":2249,"comment_status":"open","ping_status":"closed","template":"","meta":[],"product_brand":[],"product_cat":[64],"product_tag":[66],"class_list":{"0":"post-2307","1":"product","2":"type-product","3":"status-publish","4":"has-post-thumbnail","6":"product_cat-cabello","7":"product_tag-donkey-milk-treasures-es","9":"first","10":"instock","11":"shipping-taxable","12":"purchasable","13":"product-type-simple"},"_links":{"self":[{"href":"https:\/\/grski-zakladi.si\/es\/wp-json\/wp\/v2\/product\/2307","targetHints":{"allow":["GET"]}}],"collection":[{"href":"https:\/\/grski-zakladi.si\/es\/wp-json\/wp\/v2\/product"}],"about":[{"href":"https:\/\/grski-zakladi.si\/es\/wp-json\/wp\/v2\/types\/product"}],"replies":[{"embeddable":true,"href":"https:\/\/grski-zakladi.si\/es\/wp-json\/wp\/v2\/comments?post=2307"}],"wp:featuredmedia":[{"embeddable":true,"href":"https:\/\/grski-zakladi.si\/es\/wp-json\/wp\/v2\/media\/2249"}],"wp:attachment":[{"href":"https:\/\/grski-zakladi.si\/es\/wp-json\/wp\/v2\/media?parent=2307"}],"wp:term":[{"taxonomy":"product_brand","embeddable":true,"href":"https:\/\/grski-zakladi.si\/es\/wp-json\/wp\/v2\/product_brand?post=2307"},{"taxonomy":"product_cat","embeddable":true,"href":"https:\/\/grski-zakladi.si\/es\/wp-json\/wp\/v2\/product_cat?post=2307"},{"taxonomy":"product_tag","embeddable":true,"href":"https:\/\/grski-zakladi.si\/es\/wp-json\/wp\/v2\/product_tag?post=2307"}],"curies":[{"name":"wp","href":"https:\/\/api.w.org\/{rel}","templated":true}]}}