{"id":2306,"date":"2022-09-08T16:38:52","date_gmt":"2022-09-08T14:38:52","guid":{"rendered":"https:\/\/grski-zakladi.si\/izdelek\/mascarilla-para-el-pelo-botox-treatment\/"},"modified":"2024-07-28T17:44:55","modified_gmt":"2024-07-28T17:44:55","slug":"mascarilla-para-el-pelo-botox-treatment","status":"publish","type":"product","link":"https:\/\/grski-zakladi.si\/es\/producto\/mascarilla-para-el-pelo-botox-treatment\/","title":{"rendered":"Mascarilla capilar Botox Treatment"},"content":{"rendered":"<p>Mascarilla enriquecida con pantenol, vitamina E y queratina. Hidrata, nutre y restaura la estructura del cabello, protegi\u00e9ndolo del encrespamiento. Restaura el cabello d\u00e9bil y da\u00f1ado, aport\u00e1ndole brillo, volumen y elasticidad.<\/p>\n<p>USO: Aplicar la mascarilla sobre el cabello h\u00famedo y dejar actuar de 7 a 10 minutos, despu\u00e9s aclarar bien. Usar de dos a tres veces por semana.<\/p>\n<p>*Tratamiento Botox es un tratamiento de hidrataci\u00f3n profunda que restaura la estructura capilar da\u00f1ada. El resultado es un cabello sano, brillante y suave.<br \/>\n**Para un mejor efecto del tratamiento, recomendamos utilizar tambi\u00e9n el <a href=\"https:\/\/grski-zakladi.si\/izdelek\/sampon-za-lase-botox-treatment\/\">Champ\u00fa Botox Treatment<\/a> y el <a href=\"https:\/\/grski-zakladi.si\/izdelek\/serum-za-lase-botox-treatment\/\">Serum Botox Treatment.<\/a><\/p>\n<p><span style=\"font-size: 80%;\"><br \/>\n<em>INGREDIENTES: aqua, propanediol, hydrogenated ethylhexyl olivate, hydrogenated olive oil unsaponifiables, coco-caprylate\/caprate, polyquaternium-37, behentrimonium chloride, quaternium-91, cetrimonium methosulfate, cetearyl alcohol, panthenol, olea europaea (olive) fruit oil*, hydrolyzed keratin, tocopheryl acetate, soluble collagen, parfum, hydrolyzed silk, sodium hyaluronate, donkey milk, benzyl alcohol, methylisothiazolinone, methylchloroisothiazolinone, sodium phytate, amyl cinnamal, coumarin, geraniol, citronellol, linalool. (*) .<\/em><br \/>\n<\/span><span style=\"font-size: 80%;\"><br \/>\n<em>* ingredientes cultivados ecol\u00f3gicamente<\/em><br \/>\n<\/span><\/p>\n","protected":false},"excerpt":{"rendered":"<p>Mascarilla capilar Botox Treatment con leche de burra 100% griega, \u00e1cido hialur\u00f3nico, prote\u00ednas de seda, col\u00e1geno y aceite de oliva ecol\u00f3gico.<\/p>\n<p>Tama\u00f1o: 200 ml<\/p>\n","protected":false},"featured_media":2250,"comment_status":"open","ping_status":"closed","template":"","meta":[],"product_brand":[],"product_cat":[64],"product_tag":[66],"class_list":{"0":"post-2306","1":"product","2":"type-product","3":"status-publish","4":"has-post-thumbnail","6":"product_cat-cabello","7":"product_tag-donkey-milk-treasures-es","9":"first","10":"instock","11":"shipping-taxable","12":"purchasable","13":"product-type-simple"},"_links":{"self":[{"href":"https:\/\/grski-zakladi.si\/es\/wp-json\/wp\/v2\/product\/2306","targetHints":{"allow":["GET"]}}],"collection":[{"href":"https:\/\/grski-zakladi.si\/es\/wp-json\/wp\/v2\/product"}],"about":[{"href":"https:\/\/grski-zakladi.si\/es\/wp-json\/wp\/v2\/types\/product"}],"replies":[{"embeddable":true,"href":"https:\/\/grski-zakladi.si\/es\/wp-json\/wp\/v2\/comments?post=2306"}],"wp:featuredmedia":[{"embeddable":true,"href":"https:\/\/grski-zakladi.si\/es\/wp-json\/wp\/v2\/media\/2250"}],"wp:attachment":[{"href":"https:\/\/grski-zakladi.si\/es\/wp-json\/wp\/v2\/media?parent=2306"}],"wp:term":[{"taxonomy":"product_brand","embeddable":true,"href":"https:\/\/grski-zakladi.si\/es\/wp-json\/wp\/v2\/product_brand?post=2306"},{"taxonomy":"product_cat","embeddable":true,"href":"https:\/\/grski-zakladi.si\/es\/wp-json\/wp\/v2\/product_cat?post=2306"},{"taxonomy":"product_tag","embeddable":true,"href":"https:\/\/grski-zakladi.si\/es\/wp-json\/wp\/v2\/product_tag?post=2306"}],"curies":[{"name":"wp","href":"https:\/\/api.w.org\/{rel}","templated":true}]}}