{"id":2294,"date":"2023-06-29T08:11:02","date_gmt":"2023-06-29T06:11:02","guid":{"rendered":"https:\/\/grski-zakladi.si\/izdelek\/tratamiento-botox-serum-capilar\/"},"modified":"2024-03-02T19:16:42","modified_gmt":"2024-03-02T19:16:42","slug":"tratamiento-botox-serum-capilar","status":"publish","type":"product","link":"https:\/\/grski-zakladi.si\/es\/producto\/tratamiento-botox-serum-capilar\/","title":{"rendered":"S\u00e9rum capilar Botox Treatment"},"content":{"rendered":"<p>S\u00e9rum enriquecido con prebi\u00f3ticos, un filtro de protecci\u00f3n solar y queratina. Protege el cabello y el cuero cabelludo del estr\u00e9s qu\u00edmico y t\u00e9rmico y del encrespamiento. Nutre y restaura especialmente el cabello d\u00e9bil, da\u00f1ado y seco, aport\u00e1ndole brillo, volumen y elasticidad.<\/p>\n<p>USO: Aplicar el s\u00e9rum sobre el cabello seco, especialmente en las puntas. Sin aclarado. Usar de dos a tres veces por semana.<\/p>\n<p>*Tratamiento Botox es un tratamiento de hidrataci\u00f3n profunda que restaura la estructura capilar da\u00f1ada. El resultado es un cabello sano, brillante y suave.<br \/>\n**Para un mejor efecto del tratamiento, recomendamos utilizar tambi\u00e9n el <a href=\"https:\/\/grski-zakladi.si\/es\/izdelek\/champu-para-el-pelo-botox-treatment\/\">Champ\u00fa Botox Treatment<\/a> y la <a href=\"https:\/\/grski-zakladi.si\/es\/izdelek\/mascarilla-para-el-pelo-botox-treatment\/\">Mascarilla Botox Treatment<\/a>.<\/p>\n<p><span style=\"font-size: 80%;\"><br \/>\n<em>INGREDIENTES: aqua, propanediol, polyquaternium \u2013 37, panthenol, olea europaea (olive) fruit oil*, inulin, alpha-glucan oligosaccharide, hydrolyzed keratin, sodium hyaluronate, polysorbate 20, retinyl palmitate, tocopherol acetate, linolenic acid, parfum, soluble collagen, donkey milk, hydrolyzed silk, benzophenone-4, sodium phytate, amyl cinnamal, benzyl salicylate, cinnamyl alcohol, coumarin, geraniol, citronellol, linalool (*)<\/em><br \/>\n<\/span><span style=\"font-size: 80%;\"><br \/>\n<em>* ingredientes cultivados ecol\u00f3gicamente<\/em><br \/>\n<\/span><\/p>\n","protected":false},"excerpt":{"rendered":"<p>S\u00e9rum reparador y antiedad con 100% leche de burra griega, \u00e1cido hialur\u00f3nico, prote\u00ednas de seda, col\u00e1geno y aceite de oliva ecol\u00f3gico.<\/p>\n<p>Tama\u00f1o: 100 ml<\/p>\n","protected":false},"featured_media":2267,"comment_status":"open","ping_status":"closed","template":"","meta":[],"product_brand":[],"product_cat":[64],"product_tag":[66],"class_list":{"0":"post-2294","1":"product","2":"type-product","3":"status-publish","4":"has-post-thumbnail","6":"product_cat-cabello","7":"product_tag-donkey-milk-treasures-es","9":"first","10":"instock","11":"shipping-taxable","12":"purchasable","13":"product-type-simple"},"_links":{"self":[{"href":"https:\/\/grski-zakladi.si\/es\/wp-json\/wp\/v2\/product\/2294","targetHints":{"allow":["GET"]}}],"collection":[{"href":"https:\/\/grski-zakladi.si\/es\/wp-json\/wp\/v2\/product"}],"about":[{"href":"https:\/\/grski-zakladi.si\/es\/wp-json\/wp\/v2\/types\/product"}],"replies":[{"embeddable":true,"href":"https:\/\/grski-zakladi.si\/es\/wp-json\/wp\/v2\/comments?post=2294"}],"wp:featuredmedia":[{"embeddable":true,"href":"https:\/\/grski-zakladi.si\/es\/wp-json\/wp\/v2\/media\/2267"}],"wp:attachment":[{"href":"https:\/\/grski-zakladi.si\/es\/wp-json\/wp\/v2\/media?parent=2294"}],"wp:term":[{"taxonomy":"product_brand","embeddable":true,"href":"https:\/\/grski-zakladi.si\/es\/wp-json\/wp\/v2\/product_brand?post=2294"},{"taxonomy":"product_cat","embeddable":true,"href":"https:\/\/grski-zakladi.si\/es\/wp-json\/wp\/v2\/product_cat?post=2294"},{"taxonomy":"product_tag","embeddable":true,"href":"https:\/\/grski-zakladi.si\/es\/wp-json\/wp\/v2\/product_tag?post=2294"}],"curies":[{"name":"wp","href":"https:\/\/api.w.org\/{rel}","templated":true}]}}